{"id":959,"date":"2020-12-14T17:02:20","date_gmt":"2020-12-14T17:02:20","guid":{"rendered":"https:\/\/hermandaddelrociodevillamanrique.es\/?page_id=959"},"modified":"2025-05-11T11:05:26","modified_gmt":"2025-05-11T11:05:26","slug":"romeria","status":"publish","type":"page","link":"https:\/\/hermandaddelrociodevillamanrique.es\/?page_id=959","title":{"rendered":"Romer\u00eda | Peregrinaciones durante todo el transcurso del a\u00f1o"},"content":{"rendered":"\n<figure class=\"wp-block-image size-large is-resized\"><img fetchpriority=\"high\" decoding=\"async\" width=\"960\" height=\"720\" src=\"https:\/\/hermandaddelrociodevillamanrique.es\/wp-content\/uploads\/2021\/01\/PEREGRINACIONES-1-1.jpg\" alt=\"\" class=\"wp-image-1144\" style=\"width:290px;height:218px\" srcset=\"https:\/\/hermandaddelrociodevillamanrique.es\/wp-content\/uploads\/2021\/01\/PEREGRINACIONES-1-1.jpg 960w, https:\/\/hermandaddelrociodevillamanrique.es\/wp-content\/uploads\/2021\/01\/PEREGRINACIONES-1-1-300x225.jpg 300w, https:\/\/hermandaddelrociodevillamanrique.es\/wp-content\/uploads\/2021\/01\/PEREGRINACIONES-1-1-768x576.jpg 768w\" sizes=\"(max-width: 960px) 100vw, 960px\" \/><\/figure>\n\n\n\n<figure class=\"wp-block-image size-large is-resized\"><img decoding=\"async\" width=\"528\" height=\"960\" src=\"https:\/\/hermandaddelrociodevillamanrique.es\/wp-content\/uploads\/2021\/01\/PEREGRINACIONES-3-1.jpg\" alt=\"\" class=\"wp-image-1147\" style=\"width:276px;height:502px\" srcset=\"https:\/\/hermandaddelrociodevillamanrique.es\/wp-content\/uploads\/2021\/01\/PEREGRINACIONES-3-1.jpg 528w, https:\/\/hermandaddelrociodevillamanrique.es\/wp-content\/uploads\/2021\/01\/PEREGRINACIONES-3-1-165x300.jpg 165w\" sizes=\"(max-width: 528px) 100vw, 528px\" \/><\/figure>\n\n\n\n<figure class=\"wp-block-image size-large is-resized\"><img decoding=\"async\" width=\"960\" height=\"720\" src=\"https:\/\/hermandaddelrociodevillamanrique.es\/wp-content\/uploads\/2021\/01\/PEREGRINACIONES-5-1.jpg\" alt=\"\" class=\"wp-image-1148\" style=\"width:339px;height:254px\" srcset=\"https:\/\/hermandaddelrociodevillamanrique.es\/wp-content\/uploads\/2021\/01\/PEREGRINACIONES-5-1.jpg 960w, https:\/\/hermandaddelrociodevillamanrique.es\/wp-content\/uploads\/2021\/01\/PEREGRINACIONES-5-1-300x225.jpg 300w, https:\/\/hermandaddelrociodevillamanrique.es\/wp-content\/uploads\/2021\/01\/PEREGRINACIONES-5-1-768x576.jpg 768w\" sizes=\"(max-width: 960px) 100vw, 960px\" \/><\/figure>\n\n\n\n<figure class=\"wp-block-image size-large is-resized\"><img loading=\"lazy\" decoding=\"async\" width=\"720\" height=\"960\" src=\"https:\/\/hermandaddelrociodevillamanrique.es\/wp-content\/uploads\/2021\/01\/PEREGRINACIONES-2-1.jpg\" alt=\"\" class=\"wp-image-1145\" style=\"width:272px;height:363px\" srcset=\"https:\/\/hermandaddelrociodevillamanrique.es\/wp-content\/uploads\/2021\/01\/PEREGRINACIONES-2-1.jpg 720w, https:\/\/hermandaddelrociodevillamanrique.es\/wp-content\/uploads\/2021\/01\/PEREGRINACIONES-2-1-225x300.jpg 225w\" sizes=\"(max-width: 720px) 100vw, 720px\" \/><\/figure>\n\n\n\n<figure class=\"wp-block-image size-large is-resized\"><img loading=\"lazy\" decoding=\"async\" width=\"960\" height=\"720\" src=\"https:\/\/hermandaddelrociodevillamanrique.es\/wp-content\/uploads\/2021\/01\/PEREGRINACIONES-7-1.jpg\" alt=\"\" class=\"wp-image-1149\" style=\"width:342px;height:257px\" srcset=\"https:\/\/hermandaddelrociodevillamanrique.es\/wp-content\/uploads\/2021\/01\/PEREGRINACIONES-7-1.jpg 960w, https:\/\/hermandaddelrociodevillamanrique.es\/wp-content\/uploads\/2021\/01\/PEREGRINACIONES-7-1-300x225.jpg 300w, https:\/\/hermandaddelrociodevillamanrique.es\/wp-content\/uploads\/2021\/01\/PEREGRINACIONES-7-1-768x576.jpg 768w\" sizes=\"(max-width: 960px) 100vw, 960px\" \/><\/figure>\n\n\n\n<figure class=\"wp-block-image size-large is-resized\"><img loading=\"lazy\" decoding=\"async\" width=\"540\" height=\"960\" src=\"https:\/\/hermandaddelrociodevillamanrique.es\/wp-content\/uploads\/2021\/01\/PEREGRINACIONES-9-1.jpg\" alt=\"\" class=\"wp-image-1150\" style=\"width:278px;height:494px\" srcset=\"https:\/\/hermandaddelrociodevillamanrique.es\/wp-content\/uploads\/2021\/01\/PEREGRINACIONES-9-1.jpg 540w, https:\/\/hermandaddelrociodevillamanrique.es\/wp-content\/uploads\/2021\/01\/PEREGRINACIONES-9-1-169x300.jpg 169w\" sizes=\"(max-width: 540px) 100vw, 540px\" \/><\/figure>\n\n\n\n<figure class=\"wp-block-image size-large is-resized\"><img loading=\"lazy\" decoding=\"async\" width=\"720\" height=\"960\" src=\"https:\/\/hermandaddelrociodevillamanrique.es\/wp-content\/uploads\/2021\/01\/PEREGRINACIONES-10-1.jpg\" alt=\"\" class=\"wp-image-1151\" style=\"width:319px;height:425px\" srcset=\"https:\/\/hermandaddelrociodevillamanrique.es\/wp-content\/uploads\/2021\/01\/PEREGRINACIONES-10-1.jpg 720w, https:\/\/hermandaddelrociodevillamanrique.es\/wp-content\/uploads\/2021\/01\/PEREGRINACIONES-10-1-225x300.jpg 225w\" sizes=\"(max-width: 720px) 100vw, 720px\" \/><\/figure>\n\n\n\n<p>Fue una andanza a La Rocina, desde la villa de Mures, lo que dio lugar al glorioso hallazgo de nuestra Bendita Virgen del Roc\u00edo por el cazador manrique\u00f1o Goro Medina. Desde entonces, Villamanrique no ha dejado de peregrinar para disfrutar y dar gracias por tan gozoso encuentro.<\/p>\n\n\n\n<p>Varios siglos despu\u00e9s, fue la primera hermandad en amadrinar a aquellos fervientes rocieros que quisieron emprender en hermandad este camino, acompa\u00f1\u00e1ndolos en el peregrinar hasta de nuevo llegar a sus plantas.<\/p>\n\n\n\n<p>Y como es costumbre ancestral de nuestra Hermandad, en su paso por la Real Villa de Villamanrique de la Condesa, saluda fraternalmente a todas las hermandades que peregrinan hasta la aldea para encontrarse con Nuestra Madre del Roc\u00edo cada a\u00f1o en tiempos de Pentecost\u00e9s.<\/p>\n\n\n\n<p>Actualmente, declarada Fiesta de Inter\u00e9s Tur\u00edstico de Andaluc\u00eda, el \u201cPaso de Hermandades\u201d por Villamanrique de la Condesa es una fiesta del municipio, donde la manifestaci\u00f3n religiosa encuentra su raz\u00f3n de ser en el amor com\u00fan que las hermandades y peregrinos profesan a la Sant\u00edsima Virgen.<\/p>\n\n\n\n<p>La Primera y M\u00e1s Antigua Hermandad del Roc\u00edo de Villamanrique de la Condesa tiene las puertas abiertas a todo peregrino, cristiano y rociero, haciendo gala de su hospitalidad durante todo el a\u00f1o, recibiendo a todos, incluso desde los m\u00e1s lejanos lugares, que vienen a visitar nuestro Bendito Simpecado, fiel reflejo de la Virgen del Roc\u00edo, acerc\u00e1ndole, de este modo, a todo peregrino el profundo amor que los manrique\u00f1os sienten por Nuestra Venerada Madre, vi\u00e9ndose amparados ante la Imagen titular del Simpecado m\u00e1s antiguo que peregrina a la aldea de El Roc\u00edo.<\/p>\n\n\n\n<p>As\u00ed pues, os animamos a que sig\u00e1is peregrinando, visitando a vuestro paso la parroquia de Santa M\u00aa Magdalena, que alberga nuestra joya rociera, el Simpecado de 1766, as\u00ed como el Museo Etnogr\u00e1fico \u201cCamino de El Roc\u00edo\u201d, para que pod\u00e1is orar, cantar y disfrutar de las memorias rocieras de los fervorosos manrique\u00f1os.<\/p>\n\n\n\n<p><strong>PROTOCOLO PARA PEREGRINACIONES:<\/strong><\/p>\n\n\n\n<p>Enviar correo electr\u00f3nico a los dos siguientes mails:<\/p>\n\n\n\n<ul class=\"wp-block-list\">\n<li>Hermandad del Roc\u00edo Villamanrique de la Condesa<\/li>\n<\/ul>\n\n\n\n<p><a href=\"mailto:info@hermandaddelrociodevillamanrique.com\">info@hermandaddelrociodevillamanrique.com<\/a><\/p>\n\n\n\n<ul class=\"wp-block-list\">\n<li>Capell\u00e1n de la Hermandad, D. Antonio Jes\u00fas Serrano Colmenero<\/li>\n<\/ul>\n\n\n\n<p>ajsecol@gmail.com <\/p>\n\n\n\n<p>Contacto telef\u00f3nico:<\/p>\n\n\n\n<p>Miguel Espinar Navarro 606.149.851<\/p>\n\n\n\n<p>Consiliario de Peregrinaciones<\/p>\n\n\n\n<p><\/p>\n","protected":false},"excerpt":{"rendered":"<p>Fue una andanza a La Rocina, desde la villa de Mures, lo que dio lugar al glorioso hallazgo de nuestra Bendita Virgen del Roc\u00edo por el cazador manrique\u00f1o Goro Medina. Desde entonces, Villamanrique no ha dejado de peregrinar para disfrutar y dar gracias por tan gozoso encuentro. Varios siglos despu\u00e9s, fue la primera hermandad en [&hellip;]<\/p>\n","protected":false},"author":1,"featured_media":0,"parent":0,"menu_order":0,"comment_status":"closed","ping_status":"closed","template":"","meta":{"site-sidebar-layout":"default","site-content-layout":"default","ast-site-content-layout":"default","site-content-style":"default","site-sidebar-style":"default","ast-global-header-display":"","ast-banner-title-visibility":"","ast-main-header-display":"","ast-hfb-above-header-display":"","ast-hfb-below-header-display":"","ast-hfb-mobile-header-display":"","site-post-title":"","ast-breadcrumbs-content":"","ast-featured-img":"","footer-sml-layout":"","ast-disable-related-posts":"","theme-transparent-header-meta":"default","adv-header-id-meta":"","stick-header-meta":"","header-above-stick-meta":"","header-main-stick-meta":"","header-below-stick-meta":"","astra-migrate-meta-layouts":"set","ast-page-background-enabled":"default","ast-page-background-meta":{"desktop":{"background-color":"","background-image":"","background-repeat":"repeat","background-position":"center center","background-size":"auto","background-attachment":"scroll","background-type":"","background-media":"","overlay-type":"","overlay-color":"","overlay-opacity":"","overlay-gradient":""},"tablet":{"background-color":"","background-image":"","background-repeat":"repeat","background-position":"center center","background-size":"auto","background-attachment":"scroll","background-type":"","background-media":"","overlay-type":"","overlay-color":"","overlay-opacity":"","overlay-gradient":""},"mobile":{"background-color":"","background-image":"","background-repeat":"repeat","background-position":"center center","background-size":"auto","background-attachment":"scroll","background-type":"","background-media":"","overlay-type":"","overlay-color":"","overlay-opacity":"","overlay-gradient":""}},"ast-content-background-meta":{"desktop":{"background-color":"var(--ast-global-color-5)","background-image":"","background-repeat":"repeat","background-position":"center center","background-size":"auto","background-attachment":"scroll","background-type":"","background-media":"","overlay-type":"","overlay-color":"","overlay-opacity":"","overlay-gradient":""},"tablet":{"background-color":"var(--ast-global-color-5)","background-image":"","background-repeat":"repeat","background-position":"center center","background-size":"auto","background-attachment":"scroll","background-type":"","background-media":"","overlay-type":"","overlay-color":"","overlay-opacity":"","overlay-gradient":""},"mobile":{"background-color":"var(--ast-global-color-5)","background-image":"","background-repeat":"repeat","background-position":"center center","background-size":"auto","background-attachment":"scroll","background-type":"","background-media":"","overlay-type":"","overlay-color":"","overlay-opacity":"","overlay-gradient":""}},"footnotes":""},"class_list":["post-959","page","type-page","status-publish","hentry"],"_links":{"self":[{"href":"https:\/\/hermandaddelrociodevillamanrique.es\/index.php?rest_route=\/wp\/v2\/pages\/959","targetHints":{"allow":["GET"]}}],"collection":[{"href":"https:\/\/hermandaddelrociodevillamanrique.es\/index.php?rest_route=\/wp\/v2\/pages"}],"about":[{"href":"https:\/\/hermandaddelrociodevillamanrique.es\/index.php?rest_route=\/wp\/v2\/types\/page"}],"author":[{"embeddable":true,"href":"https:\/\/hermandaddelrociodevillamanrique.es\/index.php?rest_route=\/wp\/v2\/users\/1"}],"replies":[{"embeddable":true,"href":"https:\/\/hermandaddelrociodevillamanrique.es\/index.php?rest_route=%2Fwp%2Fv2%2Fcomments&post=959"}],"version-history":[{"count":5,"href":"https:\/\/hermandaddelrociodevillamanrique.es\/index.php?rest_route=\/wp\/v2\/pages\/959\/revisions"}],"predecessor-version":[{"id":1521,"href":"https:\/\/hermandaddelrociodevillamanrique.es\/index.php?rest_route=\/wp\/v2\/pages\/959\/revisions\/1521"}],"wp:attachment":[{"href":"https:\/\/hermandaddelrociodevillamanrique.es\/index.php?rest_route=%2Fwp%2Fv2%2Fmedia&parent=959"}],"curies":[{"name":"wp","href":"https:\/\/api.w.org\/{rel}","templated":true}]}}