{"id":596,"date":"2020-09-06T10:47:02","date_gmt":"2020-09-06T10:47:02","guid":{"rendered":"https:\/\/hermandaddelrociodevillamanrique.es\/?page_id=596"},"modified":"2020-09-06T10:50:27","modified_gmt":"2020-09-06T10:50:27","slug":"sedes","status":"publish","type":"page","link":"https:\/\/hermandaddelrociodevillamanrique.es\/?page_id=596","title":{"rendered":"Sedes"},"content":{"rendered":"\n<h2 class=\"wp-block-heading\">Casa Hermandad del Roc\u00edo de Villamarique<\/h2>\n\n\n\n<iframe src=\"https:\/\/www.google.com\/maps\/embed?pb=!1m14!1m8!1m3!1d1590.478563595919!2d-6.48368!3d37.129935!3m2!1i1024!2i768!4f13.1!3m3!1m2!1s0xd11fe056a5be347%3A0x8922f423720bf774!2sCasa%20de%20Hermandad%20del%20Roc%C3%ADo%20de%20Villamanrique!5e0!3m2!1ses!2sus!4v1599389019723!5m2!1ses!2sus\" width=\"100%\" height=\"450\" frameborder=\"0\" style=\"border:0;\" allowfullscreen=\"\" aria-hidden=\"false\" tabindex=\"0\"><\/iframe>\n\n\n\n<h2 class=\"wp-block-heading\">Casa hermandad y Centro Etnogr\u00e1fico Camino del Roc\u00edo<\/h2>\n\n\n\n<iframe src=\"https:\/\/www.google.com\/maps\/embed?pb=!1m14!1m8!1m3!1d794.0378173841008!2d-6.306596910381516!3d37.24411829310793!3m2!1i1024!2i768!4f13.1!3m3!1m2!1s0xd12046f2bc1336d%3A0x44910c36e46930d2!2sPrimera%20y%20M%C3%A1s%20Antigua%20Hermandad%20del%20Roc%C3%ADo%20de%20Villamanrique%20de%20la%20Condesa!5e0!3m2!1ses!2sus!4v1599389331943!5m2!1ses!2sus\" width=\"100%\" height=\"450\" frameborder=\"0\" style=\"border:0;\" allowfullscreen=\"\" aria-hidden=\"false\" tabindex=\"0\"><\/iframe>\n","protected":false},"excerpt":{"rendered":"<p>Casa Hermandad del Roc\u00edo de Villamarique Casa hermandad y Centro Etnogr\u00e1fico Camino del Roc\u00edo<\/p>\n","protected":false},"author":1,"featured_media":0,"parent":0,"menu_order":0,"comment_status":"closed","ping_status":"closed","template":"","meta":{"site-sidebar-layout":"no-sidebar","site-content-layout":"default","ast-site-content-layout":"default","site-content-style":"default","site-sidebar-style":"default","ast-global-header-display":"","ast-banner-title-visibility":"","ast-main-header-display":"","ast-hfb-above-header-display":"","ast-hfb-below-header-display":"","ast-hfb-mobile-header-display":"","site-post-title":"","ast-breadcrumbs-content":"","ast-featured-img":"","footer-sml-layout":"","ast-disable-related-posts":"","theme-transparent-header-meta":"default","adv-header-id-meta":"","stick-header-meta":"","header-above-stick-meta":"","header-main-stick-meta":"","header-below-stick-meta":"","astra-migrate-meta-layouts":"default","ast-page-background-enabled":"default","ast-page-background-meta":{"desktop":{"background-color":"","background-image":"","background-repeat":"repeat","background-position":"center center","background-size":"auto","background-attachment":"scroll","background-type":"","background-media":"","overlay-type":"","overlay-color":"","overlay-opacity":"","overlay-gradient":""},"tablet":{"background-color":"","background-image":"","background-repeat":"repeat","background-position":"center center","background-size":"auto","background-attachment":"scroll","background-type":"","background-media":"","overlay-type":"","overlay-color":"","overlay-opacity":"","overlay-gradient":""},"mobile":{"background-color":"","background-image":"","background-repeat":"repeat","background-position":"center center","background-size":"auto","background-attachment":"scroll","background-type":"","background-media":"","overlay-type":"","overlay-color":"","overlay-opacity":"","overlay-gradient":""}},"ast-content-background-meta":{"desktop":{"background-color":"var(--ast-global-color-5)","background-image":"","background-repeat":"repeat","background-position":"center center","background-size":"auto","background-attachment":"scroll","background-type":"","background-media":"","overlay-type":"","overlay-color":"","overlay-opacity":"","overlay-gradient":""},"tablet":{"background-color":"var(--ast-global-color-5)","background-image":"","background-repeat":"repeat","background-position":"center center","background-size":"auto","background-attachment":"scroll","background-type":"","background-media":"","overlay-type":"","overlay-color":"","overlay-opacity":"","overlay-gradient":""},"mobile":{"background-color":"var(--ast-global-color-5)","background-image":"","background-repeat":"repeat","background-position":"center center","background-size":"auto","background-attachment":"scroll","background-type":"","background-media":"","overlay-type":"","overlay-color":"","overlay-opacity":"","overlay-gradient":""}},"footnotes":""},"class_list":["post-596","page","type-page","status-publish","hentry"],"_links":{"self":[{"href":"https:\/\/hermandaddelrociodevillamanrique.es\/index.php?rest_route=\/wp\/v2\/pages\/596","targetHints":{"allow":["GET"]}}],"collection":[{"href":"https:\/\/hermandaddelrociodevillamanrique.es\/index.php?rest_route=\/wp\/v2\/pages"}],"about":[{"href":"https:\/\/hermandaddelrociodevillamanrique.es\/index.php?rest_route=\/wp\/v2\/types\/page"}],"author":[{"embeddable":true,"href":"https:\/\/hermandaddelrociodevillamanrique.es\/index.php?rest_route=\/wp\/v2\/users\/1"}],"replies":[{"embeddable":true,"href":"https:\/\/hermandaddelrociodevillamanrique.es\/index.php?rest_route=%2Fwp%2Fv2%2Fcomments&post=596"}],"version-history":[{"count":5,"href":"https:\/\/hermandaddelrociodevillamanrique.es\/index.php?rest_route=\/wp\/v2\/pages\/596\/revisions"}],"predecessor-version":[{"id":601,"href":"https:\/\/hermandaddelrociodevillamanrique.es\/index.php?rest_route=\/wp\/v2\/pages\/596\/revisions\/601"}],"wp:attachment":[{"href":"https:\/\/hermandaddelrociodevillamanrique.es\/index.php?rest_route=%2Fwp%2Fv2%2Fmedia&parent=596"}],"curies":[{"name":"wp","href":"https:\/\/api.w.org\/{rel}","templated":true}]}}