{"id":592,"date":"2020-09-06T10:40:26","date_gmt":"2020-09-06T10:40:26","guid":{"rendered":"https:\/\/hermandaddelrociodevillamanrique.es\/?page_id=592"},"modified":"2022-03-11T17:10:09","modified_gmt":"2022-03-11T17:10:09","slug":"592-2","status":"publish","type":"page","link":"https:\/\/hermandaddelrociodevillamanrique.es\/?page_id=592","title":{"rendered":"Rinc\u00f3n del Herman@"},"content":{"rendered":"\n<p>Bienvenidos Hermanos de la Primera y M\u00e1s Antigua Hermandad del Roc\u00edo de Villamanrique de la Condesa, queremos una hermandad donde participemos todos y por este motivo, hemos creado dentro de la nueva web dos apartados un\u00a0<strong>Buz\u00f3n de sugerencias<\/strong>\u00a0y este\u00a0<strong>Rinc\u00f3n<\/strong>, donde se puedan dejar art\u00edculos, vivencias, peticiones y plegarias\u2026a la Virgen del Roc\u00edo, fotos etc\u2026 y desde donde cualquier hermano pueda expresar sus sentimientos.<\/p>\n\n\n\n<p> <strong>info@hermandaddelrociodevillamanrique.com<\/strong> <\/p>\n\n\n\n<p>Desde T\u00fa Hermandad queremos ir realizando acciones de modernizaci\u00f3n en los medios de comunicaci\u00f3n desde est\u00e1 con nuestros hermanos, por lo que es necesario tener la base de datos lo m\u00e1s completa posible, rogamos nos env\u00eden la ficha con los datos actualizados para una comunicaci\u00f3n r\u00e1pida y fluida.<\/p>\n\n\n\n<p><a href=\"http:\/\/hermandaddelrociodevillamanrique.es\/solicitud-de-inscripcion-de-hermano\">ACTUALIZACI\u00d3N DE DATOS DE HERMAN@S<\/a><\/p>\n\n\n\n<p>Nuestra Hermandad con el paso de los a\u00f1os ha ido cogiendo unas dimensiones de trabajo a nivel de cualquier \u00abempresa\u00bb con funciones de tesorer\u00eda, secretaria, mantenimiento de patrimonio ,marketing, relaciones sociales, protocolo etc&#8230; hace que el trabajo para los 18 miembros de junta se haga cada vez m\u00e1s complejo de compaginar con la vida laboral y familiar de cada uno, es por esto, se va a crear la figura del \u201chermano colaborador\u201d, donde tendr\u00e1 cabida todo tipo de perfiles, sabemos que hay hermanos que por diferentes motivos no pueden tomar responsabilidades de forma continuada, pero \u00a0se ofrecen a esta Junta para colaboraciones espor\u00e1dicas, desde aqu\u00ed todo el que quiera ser \u00abColaborador oficial\u00bb se ponga en contacto desde este apartado, desde la propia hermandad en caso de necesidades se ir\u00e1n solicitando perfiles concretos. Por ejemplo estamos inmersos en la elaboraci\u00f3n del Inventario de la Hermandad, y necesitamos grupos de trabajo, para ir realizando esta labor minuciosa, donde cabe dise\u00f1ador de base de datos, fot\u00f3grafos, personal de apoyo para ir registrando los datos pertinentes etc.<\/p>\n\n\n\n<p><strong> info@hermandaddelrociodevillamanrique.com <\/strong><\/p>\n","protected":false},"excerpt":{"rendered":"<p>Bienvenidos Hermanos de la Primera y M\u00e1s Antigua Hermandad del Roc\u00edo de Villamanrique de la Condesa, queremos una hermandad donde participemos todos y por este motivo, hemos creado dentro de la nueva web dos apartados un\u00a0Buz\u00f3n de sugerencias\u00a0y este\u00a0Rinc\u00f3n, donde se puedan dejar art\u00edculos, vivencias, peticiones y plegarias\u2026a la Virgen del Roc\u00edo, fotos etc\u2026 y [&hellip;]<\/p>\n","protected":false},"author":1,"featured_media":0,"parent":0,"menu_order":0,"comment_status":"closed","ping_status":"closed","template":"","meta":{"site-sidebar-layout":"default","site-content-layout":"default","ast-site-content-layout":"default","site-content-style":"default","site-sidebar-style":"default","ast-global-header-display":"","ast-banner-title-visibility":"","ast-main-header-display":"","ast-hfb-above-header-display":"","ast-hfb-below-header-display":"","ast-hfb-mobile-header-display":"","site-post-title":"","ast-breadcrumbs-content":"","ast-featured-img":"","footer-sml-layout":"","ast-disable-related-posts":"","theme-transparent-header-meta":"default","adv-header-id-meta":"","stick-header-meta":"","header-above-stick-meta":"","header-main-stick-meta":"","header-below-stick-meta":"","astra-migrate-meta-layouts":"default","ast-page-background-enabled":"default","ast-page-background-meta":{"desktop":{"background-color":"","background-image":"","background-repeat":"repeat","background-position":"center center","background-size":"auto","background-attachment":"scroll","background-type":"","background-media":"","overlay-type":"","overlay-color":"","overlay-opacity":"","overlay-gradient":""},"tablet":{"background-color":"","background-image":"","background-repeat":"repeat","background-position":"center center","background-size":"auto","background-attachment":"scroll","background-type":"","background-media":"","overlay-type":"","overlay-color":"","overlay-opacity":"","overlay-gradient":""},"mobile":{"background-color":"","background-image":"","background-repeat":"repeat","background-position":"center center","background-size":"auto","background-attachment":"scroll","background-type":"","background-media":"","overlay-type":"","overlay-color":"","overlay-opacity":"","overlay-gradient":""}},"ast-content-background-meta":{"desktop":{"background-color":"var(--ast-global-color-5)","background-image":"","background-repeat":"repeat","background-position":"center center","background-size":"auto","background-attachment":"scroll","background-type":"","background-media":"","overlay-type":"","overlay-color":"","overlay-opacity":"","overlay-gradient":""},"tablet":{"background-color":"var(--ast-global-color-5)","background-image":"","background-repeat":"repeat","background-position":"center center","background-size":"auto","background-attachment":"scroll","background-type":"","background-media":"","overlay-type":"","overlay-color":"","overlay-opacity":"","overlay-gradient":""},"mobile":{"background-color":"var(--ast-global-color-5)","background-image":"","background-repeat":"repeat","background-position":"center center","background-size":"auto","background-attachment":"scroll","background-type":"","background-media":"","overlay-type":"","overlay-color":"","overlay-opacity":"","overlay-gradient":""}},"footnotes":""},"class_list":["post-592","page","type-page","status-publish","hentry"],"_links":{"self":[{"href":"https:\/\/hermandaddelrociodevillamanrique.es\/index.php?rest_route=\/wp\/v2\/pages\/592","targetHints":{"allow":["GET"]}}],"collection":[{"href":"https:\/\/hermandaddelrociodevillamanrique.es\/index.php?rest_route=\/wp\/v2\/pages"}],"about":[{"href":"https:\/\/hermandaddelrociodevillamanrique.es\/index.php?rest_route=\/wp\/v2\/types\/page"}],"author":[{"embeddable":true,"href":"https:\/\/hermandaddelrociodevillamanrique.es\/index.php?rest_route=\/wp\/v2\/users\/1"}],"replies":[{"embeddable":true,"href":"https:\/\/hermandaddelrociodevillamanrique.es\/index.php?rest_route=%2Fwp%2Fv2%2Fcomments&post=592"}],"version-history":[{"count":6,"href":"https:\/\/hermandaddelrociodevillamanrique.es\/index.php?rest_route=\/wp\/v2\/pages\/592\/revisions"}],"predecessor-version":[{"id":1227,"href":"https:\/\/hermandaddelrociodevillamanrique.es\/index.php?rest_route=\/wp\/v2\/pages\/592\/revisions\/1227"}],"wp:attachment":[{"href":"https:\/\/hermandaddelrociodevillamanrique.es\/index.php?rest_route=%2Fwp%2Fv2%2Fmedia&parent=592"}],"curies":[{"name":"wp","href":"https:\/\/api.w.org\/{rel}","templated":true}]}}