{"id":573,"date":"2020-09-06T10:20:12","date_gmt":"2020-09-06T10:20:12","guid":{"rendered":"https:\/\/hermandaddelrociodevillamanrique.es\/?page_id=573"},"modified":"2020-12-15T15:08:25","modified_gmt":"2020-12-15T15:08:25","slug":"primera-y-mas-antigua","status":"publish","type":"page","link":"https:\/\/hermandaddelrociodevillamanrique.es\/?page_id=573","title":{"rendered":"Primera y M\u00e1s Antigua Hermandad del Roc\u00edo de Villamanrique"},"content":{"rendered":"\n<p>Entre todos los t\u00edtulos y dignidades de, Primera, Real, Imperial, Fervorosa, Ilustre y M\u00e1s Antigua Hermandad, que a los largo de los siglos ha ido incorporando la Hermandad del Roc\u00edo de Villamanrique de la Condesa, los que ostenta con m\u00e1s orgullo son los de Primera y M\u00e1s Antigua Hermandad del Roc\u00edo, por haber ocupado desde siempre este lugar privilegiado entre todas las hermandades rocieras. Esta primac\u00eda es incuestionable por razones hist\u00f3ricas y documentales, ya que fue un manrique\u00f1o, Gregorio Medina, el primero que tuvo la inmensa suerte de ver el rostro sin mancilla de la Sagrada Imagen de la Virgen del Roc\u00edo.&nbsp;<\/p>\n\n\n\n<p>Villamanrique de la Condesa es la primera Hermandad del Roc\u00edo que hizo la Romer\u00eda, la primera que traz\u00f3 el primer camino del Roc\u00edo, conocido hoy como \u201ccamino de Villamanrique al Roc\u00edo\u201d; la primera que confeccion\u00f3 un Simpecado en el siglo XVI, reliquia rociera que ostenta la representaci\u00f3n pict\u00f3rica m\u00e1s antigua de la Virgen del Roc\u00edo; la primera que construy\u00f3 una Carrete-templete para portar el Simpecado, de las llamada de \u00abCaj\u00f3n\u00bb, la primera que construy\u00f3 una casa de material en la aldea del Roc\u00edo, la primera que escribi\u00f3 unas Reglas \u201cpara su buen modo governatibo\u201d; la primera que, para cumplimiento de promesas, realiz\u00f3 peregrinaciones andando al Roc\u00edo en invierno; la primera que formaliz\u00f3 un contrato de Hermano Mayor; la primera que mand\u00f3 realizar las varas o insignias para los cargos de la Junta de Gobierno; la primera Hermandad del Roc\u00edo en fin que utiliz\u00f3 legal y leg\u00edtimamente los t\u00edtulos de Real e Imperial\u2026<\/p>\n\n\n\n<p>El primer documento hist\u00f3rico que existe sobre el Roc\u00edo se recoge en el \u201cLibro de la Monter\u00eda\u201d, que mand\u00f3 escribir el rey Alfonso XI. En \u00e9l se cita \u00fanicamente dos lugares pr\u00f3ximos al Roc\u00edo: la primitiva Ermita de Santa Mar\u00eda de las Rocinas y la villa de Mures actual Villamanrique. El citado libro en su folio 292v dice que:\u00a0<strong><em>\u201cLa Xara de Mures, que es el Alxarafe, es buen monte de puerco en yuierno\u201d,<\/em><\/strong>\u00a0y en el folio 294v afirma que:\u00a0<strong><em>\u201cEn tierra de Niebla ay una tierra quel dizen las Rocinas et es llana, et es toda sotos, et ay siempre puercos\u2026 et se\u00f1alada mjente, son los meiores sotos de correr cabo vn yglesia que dizen Sancta Maria de las Ro\u00e7inas et cabo de otra iglesia que dizen Sancta Olalla<\/em><\/strong>\u201d.<\/p>\n\n\n\n<p>Fueron los monteros y cazadores manrique\u00f1os, que acompa\u00f1aban al rey en sus cacer\u00edas, los que trajeron esta devoci\u00f3n hasta la villa y fundaron el 20 de octubre de 1388 una primitiva Cofrad\u00eda de Monteros de Santa Mar\u00eda de la Rocinas en Mures, seg\u00fan documento que existe en la Catedral de Sevilla. Pero la primitiva Ermita y la devoci\u00f3n a la citada Imagen, tras la invasiones de benimerines y sarracenos y la posterior desolaci\u00f3n en que quedaron estos campos y villas, cayeron en el m\u00e1s terrible de los olvidos. Pasados los a\u00f1os, uno de estos monteros, Gregorio Medina, el c\u00e9lebre cazador manrique\u00f1o que, \u201centrado el siglo XV de la Encarnaci\u00f3n del Verbo, tuvo la suerte de encontrar en el hueco de un milenario acebuche, donde hab\u00eda sido ocultada para evitar la profanaci\u00f3n sarracena, la Sagrada Imagen de la Virgen del Roc\u00edo\u201d.<\/p>\n\n\n\n<p>A ra\u00edz de aquel venturoso hallazgo comienzan a peregrinar peri\u00f3dicamente los devotos manrique\u00f1os hasta la Rocinas y poco despu\u00e9s aparece organizada una primera asociaci\u00f3n de devotos, integrada fundamentalmente por cazadores y campesinos y compartida por los propios se\u00f1ores de la villa, don \u00c1lvaro Manrique de Z\u00fa\u00f1iga&nbsp;y do\u00f1a Blanca Enr\u00edquez, que es el embri\u00f3n de la Primera y M\u00e1s Antigua Hermandad del Roc\u00edo.&nbsp;En Villamanrique de la Condesa se encuentran los m\u00e1s antiguos manuscritos y objetos del arte rociero, y de su ancestral devoci\u00f3n a la Blanca Paloma de las Marismas dan testimonio los Libros Parroquiales de Bautismo, desde el 24 de mayo de 1750 con Diego Antonio Joseph de el Rosio, en el que todos los manrique\u00f1os, incluso los varones, llevan agregado el nombre del Roc\u00edo. Es esta una hermosa tradici\u00f3n que se mantuvo durante siglos en la real villa. Otra de las grandes aportaciones de la Primera y M\u00e1s Antigua Hermandad del Roc\u00edo de Villamanrique a la Romer\u00eda, es la fundaci\u00f3n del gran Rosario del Roc\u00edo en la noche del domingo, realizado por el Hermano Mayor de la Hermandad, don Francisco Bedoya B\u00e9jar en el a\u00f1o 1887, seg\u00fan l\u00e1pida conservada en la antigua Ermita del Roc\u00edo.<\/p>\n\n\n\n<div class=\"wp-block-image\"><figure class=\"aligncenter size-large\"><img fetchpriority=\"high\" decoding=\"async\" width=\"850\" height=\"342\" src=\"https:\/\/hermandaddelrociodevillamanrique.es\/wp-content\/uploads\/2020\/09\/foto-antigua-rocio.jpg\" alt=\"\" class=\"wp-image-574\" srcset=\"https:\/\/hermandaddelrociodevillamanrique.es\/wp-content\/uploads\/2020\/09\/foto-antigua-rocio.jpg 850w, https:\/\/hermandaddelrociodevillamanrique.es\/wp-content\/uploads\/2020\/09\/foto-antigua-rocio-300x121.jpg 300w, https:\/\/hermandaddelrociodevillamanrique.es\/wp-content\/uploads\/2020\/09\/foto-antigua-rocio-768x309.jpg 768w\" sizes=\"(max-width: 850px) 100vw, 850px\" \/><figcaption><em>La foto m\u00e1s antigua del Roc\u00edo. Duques de Montpensier, 1853.<\/em><br><\/figcaption><\/figure><\/div>\n","protected":false},"excerpt":{"rendered":"<p>Entre todos los t\u00edtulos y dignidades de, Primera, Real, Imperial, Fervorosa, Ilustre y M\u00e1s Antigua Hermandad, que a los largo de los siglos ha ido incorporando la Hermandad del Roc\u00edo de Villamanrique de la Condesa, los que ostenta con m\u00e1s orgullo son los de Primera y M\u00e1s Antigua Hermandad del Roc\u00edo, por haber ocupado desde [&hellip;]<\/p>\n","protected":false},"author":1,"featured_media":0,"parent":0,"menu_order":0,"comment_status":"closed","ping_status":"closed","template":"","meta":{"site-sidebar-layout":"no-sidebar","site-content-layout":"default","ast-site-content-layout":"default","site-content-style":"default","site-sidebar-style":"default","ast-global-header-display":"","ast-banner-title-visibility":"","ast-main-header-display":"","ast-hfb-above-header-display":"","ast-hfb-below-header-display":"","ast-hfb-mobile-header-display":"","site-post-title":"","ast-breadcrumbs-content":"","ast-featured-img":"","footer-sml-layout":"","ast-disable-related-posts":"","theme-transparent-header-meta":"default","adv-header-id-meta":"","stick-header-meta":"","header-above-stick-meta":"","header-main-stick-meta":"","header-below-stick-meta":"","astra-migrate-meta-layouts":"default","ast-page-background-enabled":"default","ast-page-background-meta":{"desktop":{"background-color":"","background-image":"","background-repeat":"repeat","background-position":"center center","background-size":"auto","background-attachment":"scroll","background-type":"","background-media":"","overlay-type":"","overlay-color":"","overlay-opacity":"","overlay-gradient":""},"tablet":{"background-color":"","background-image":"","background-repeat":"repeat","background-position":"center center","background-size":"auto","background-attachment":"scroll","background-type":"","background-media":"","overlay-type":"","overlay-color":"","overlay-opacity":"","overlay-gradient":""},"mobile":{"background-color":"","background-image":"","background-repeat":"repeat","background-position":"center center","background-size":"auto","background-attachment":"scroll","background-type":"","background-media":"","overlay-type":"","overlay-color":"","overlay-opacity":"","overlay-gradient":""}},"ast-content-background-meta":{"desktop":{"background-color":"var(--ast-global-color-5)","background-image":"","background-repeat":"repeat","background-position":"center center","background-size":"auto","background-attachment":"scroll","background-type":"","background-media":"","overlay-type":"","overlay-color":"","overlay-opacity":"","overlay-gradient":""},"tablet":{"background-color":"var(--ast-global-color-5)","background-image":"","background-repeat":"repeat","background-position":"center center","background-size":"auto","background-attachment":"scroll","background-type":"","background-media":"","overlay-type":"","overlay-color":"","overlay-opacity":"","overlay-gradient":""},"mobile":{"background-color":"var(--ast-global-color-5)","background-image":"","background-repeat":"repeat","background-position":"center center","background-size":"auto","background-attachment":"scroll","background-type":"","background-media":"","overlay-type":"","overlay-color":"","overlay-opacity":"","overlay-gradient":""}},"footnotes":""},"class_list":["post-573","page","type-page","status-publish","hentry"],"_links":{"self":[{"href":"https:\/\/hermandaddelrociodevillamanrique.es\/index.php?rest_route=\/wp\/v2\/pages\/573","targetHints":{"allow":["GET"]}}],"collection":[{"href":"https:\/\/hermandaddelrociodevillamanrique.es\/index.php?rest_route=\/wp\/v2\/pages"}],"about":[{"href":"https:\/\/hermandaddelrociodevillamanrique.es\/index.php?rest_route=\/wp\/v2\/types\/page"}],"author":[{"embeddable":true,"href":"https:\/\/hermandaddelrociodevillamanrique.es\/index.php?rest_route=\/wp\/v2\/users\/1"}],"replies":[{"embeddable":true,"href":"https:\/\/hermandaddelrociodevillamanrique.es\/index.php?rest_route=%2Fwp%2Fv2%2Fcomments&post=573"}],"version-history":[{"count":6,"href":"https:\/\/hermandaddelrociodevillamanrique.es\/index.php?rest_route=\/wp\/v2\/pages\/573\/revisions"}],"predecessor-version":[{"id":1053,"href":"https:\/\/hermandaddelrociodevillamanrique.es\/index.php?rest_route=\/wp\/v2\/pages\/573\/revisions\/1053"}],"wp:attachment":[{"href":"https:\/\/hermandaddelrociodevillamanrique.es\/index.php?rest_route=%2Fwp%2Fv2%2Fmedia&parent=573"}],"curies":[{"name":"wp","href":"https:\/\/api.w.org\/{rel}","templated":true}]}}